{"id":25,"date":"2024-09-12T09:50:28","date_gmt":"2024-09-12T09:50:28","guid":{"rendered":"https:\/\/wp.framerpeak.com\/adina\/?page_id=25"},"modified":"2025-11-19T08:25:25","modified_gmt":"2025-11-19T08:25:25","slug":"about-us","status":"publish","type":"page","link":"https:\/\/fa.anashishe.com\/tr\/about-us\/","title":{"rendered":"Hakk\u0131m\u0131zda"},"content":{"rendered":"<div data-elementor-type=\"wp-page\" data-elementor-id=\"25\" class=\"elementor elementor-25\" data-elementor-post-type=\"page\">\n\t\t\t\t<div class=\"elementor-element elementor-element-50f8c4d3 e-con-full e-flex e-con e-parent\" data-id=\"50f8c4d3\" data-element_type=\"container\" data-settings=\"{&quot;background_background&quot;:&quot;classic&quot;}\">\n\t\t\t\t<div class=\"elementor-element elementor-element-5d72d9d3 elementor-widget elementor-widget-heading\" data-id=\"5d72d9d3\" data-element_type=\"widget\" data-widget_type=\"heading.default\">\n\t\t\t\t\t<h2 class=\"elementor-heading-title elementor-size-default\">Hakk\u0131m\u0131zda<\/h2>\t\t\t\t<\/div>\n\t\t\t\t<div class=\"elementor-element elementor-element-54cd1f9d elementor-widget elementor-widget-text-editor\" data-id=\"54cd1f9d\" data-element_type=\"widget\" data-widget_type=\"text-editor.default\">\n\t\t\t\t\t\t\t\t\t<p><a href=\"\/tr\/\">HOME<\/a> \/ HAKKIMIZDA<\/p>\t\t\t\t\t\t\t\t<\/div>\n\t\t\t\t<\/div>\n\t\t<div class=\"elementor-element elementor-element-3ca1028 e-con-full e-flex e-con e-parent\" data-id=\"3ca1028\" data-element_type=\"container\">\n\t\t\t\t<div class=\"elementor-element elementor-element-d1c0553 elementor-widget elementor-widget-adina_image_slider\" data-id=\"d1c0553\" data-element_type=\"widget\" data-widget_type=\"adina_image_slider.default\">\n\t\t\t\t<div class=\"elementor-widget-container\">\n\t\t\t\t\t            <div class=\"td-about-area fix p-relative pt-140 pb-110\">\r\n                <div class=\"td-about-5-position\">\r\n                    <div class=\"td-testimonial-qoute-thumb z-index-11 p-relative\" data-parallax='{\"x\": -100, \"smoothness\": 10}'>\r\n                        <img decoding=\"async\" class=\"td-testimonial-qoute\" src=\"https:\/\/fa.anashishe.com\/wp-content\/uploads\/2025\/10\/premium-quality-2-e1760425754193.png\" alt=\"badge\">\r\n                        <img decoding=\"async\" class=\"td-testimonial-qoute-2\" src=\"https:\/\/wp.framerpeak.com\/adina\/wp-content\/uploads\/2024\/09\/h4-about-a.png\" alt=\"badge\">\r\n                    <\/div>\r\n                <\/div>\r\n                <div class=\"container-fluid p-0\">\r\n                    <div class=\"row td-gx-80\">\r\n                        <div class=\"td-about-slider-active swiper-container\">\r\n                            <div class=\"swiper-wrapper\">\r\n                                                                    <div class=\"swiper-slide wow slideInDown\" data-wow-delay=\".3s\" data-wow-duration=\"1s\">\r\n                                        <div class=\"td-portfolio-wrap\">\r\n                                            <div class=\"td-poerfolio-thumb mb-30\">\r\n                                                <img decoding=\"async\" class=\"w-100\" src=\"https:\/\/fa.anashishe.com\/wp-content\/uploads\/2025\/10\/anashishe-glass-ana-shishe17.webp\" alt=\"thumb\">\r\n                                            <\/div>\r\n                                        <\/div>\r\n                                    <\/div>\r\n                                                                    <div class=\"swiper-slide wow slideInDown\" data-wow-delay=\".3s\" data-wow-duration=\"1s\">\r\n                                        <div class=\"td-portfolio-wrap\">\r\n                                            <div class=\"td-poerfolio-thumb mb-30\">\r\n                                                <img decoding=\"async\" class=\"w-100\" src=\"https:\/\/fa.anashishe.com\/wp-content\/uploads\/2025\/10\/anashishe-glass-ana-shishe7.webp\" alt=\"thumb\">\r\n                                            <\/div>\r\n                                        <\/div>\r\n                                    <\/div>\r\n                                                                    <div class=\"swiper-slide wow slideInDown\" data-wow-delay=\".3s\" data-wow-duration=\"1s\">\r\n                                        <div class=\"td-portfolio-wrap\">\r\n                                            <div class=\"td-poerfolio-thumb mb-30\">\r\n                                                <img decoding=\"async\" class=\"w-100\" src=\"https:\/\/fa.anashishe.com\/wp-content\/uploads\/2025\/10\/anashishe-glass-ana-shishe11.webp\" alt=\"thumb\">\r\n                                            <\/div>\r\n                                        <\/div>\r\n                                    <\/div>\r\n                                                                    <div class=\"swiper-slide wow slideInDown\" data-wow-delay=\".3s\" data-wow-duration=\"1s\">\r\n                                        <div class=\"td-portfolio-wrap\">\r\n                                            <div class=\"td-poerfolio-thumb mb-30\">\r\n                                                <img decoding=\"async\" class=\"w-100\" src=\"https:\/\/fa.anashishe.com\/wp-content\/uploads\/2025\/10\/anashishe-glass-ana-shishe15.webp\" alt=\"thumb\">\r\n                                            <\/div>\r\n                                        <\/div>\r\n                                    <\/div>\r\n                                                            <\/div>\r\n                        <\/div>\r\n                    <\/div>\r\n                <\/div>\r\n            <\/div>\r\n\t\t\t\t\t\t<\/div>\n\t\t\t\t<\/div>\n\t\t\t\t<\/div>\n\t\t<div class=\"elementor-element elementor-element-06e9128 e-flex e-con-boxed e-con e-parent\" data-id=\"06e9128\" data-element_type=\"container\">\n\t\t\t\t\t<div class=\"e-con-inner\">\n\t\t<div class=\"elementor-element elementor-element-7b6e9ad e-con-full e-flex e-con e-child\" data-id=\"7b6e9ad\" data-element_type=\"container\">\n\t\t\t\t<div class=\"elementor-element elementor-element-85b57ea elementor-widget-tablet__width-initial elementor-widget elementor-widget-section_title\" data-id=\"85b57ea\" data-element_type=\"widget\" data-widget_type=\"section_title.default\">\n\t\t\t\t<div class=\"elementor-widget-container\">\n\t\t\t\t\t\t\t\t<div class=\"section-title-layout02\">\r\n            <span class=\"td-section-title-pre\">2000'den beri ba\u015flad\u0131<\/span>\r\n    \r\n            <h2 class=\"td-section-title\">Bizim i\u015fimiz sizin i\u015finizle ilgilenmek.<\/h2>\r\n    \r\n    \r\n<\/div>\r\n  \r\n\t\t\t\t\t\t<\/div>\n\t\t\t\t<\/div>\n\t\t\t\t<div class=\"elementor-element elementor-element-36f7428 elementor-widget elementor-widget-text-editor\" data-id=\"36f7428\" data-element_type=\"widget\" data-widget_type=\"text-editor.default\">\n\t\t\t\t\t\t\t\t\t<p><strong>ANA SHISHE<\/strong> \u00fcr\u00fcn kalitesini koruyan ve markalar\u0131 y\u00fckselten premium cam ambalajlar tasarlar ve \u00fcretir. Hassas m\u00fchendislik, tutarl\u0131 kalite ve h\u0131zl\u0131 hizmeti birle\u015ftirerek g\u00fcvenebilece\u011finiz sonu\u00e7lar sunar.<\/p><h3>Biz Kimiz<\/h3><p>Biz, g\u0131da, i\u00e7ecek, kozmetik ve ila\u00e7 end\u00fcstrileri i\u00e7in y\u00fcksek kaliteli cam \u015fi\u015fe ve kavanoz tasarlar ve \u00fcretiriz. Geli\u015fmi\u015f teknoloji ve s\u00fcrd\u00fcr\u00fclebilir uygulamalarla, markalar\u0131n g\u00fcvenilir ve \u015f\u0131k ambalajlarla \u00fcr\u00fcnlerini hayata ge\u00e7irmelerine yard\u0131mc\u0131 oluyoruz.<\/p><h3>Yolculu\u011fumuz<\/h3><p>Kurulu\u015fumuzdan bu yana vizyonumuz, d\u00fcnya \u00e7ap\u0131nda bir cam \u00fcretim \u015firketi in\u015fa etmek olmu\u015ftur. Zamanla \u00fcretimi geni\u015flettik, modern tesislere yat\u0131r\u0131m yapt\u0131k ve g\u00fc\u00e7l\u00fc, yetenekli bir ekip kurduk.<\/p><p class=\"translation-block\"><strong>ANA SHISHE<\/strong> bug\u00fcn \u015fu \u015fekilde faaliyet g\u00f6stermektedir:<\/p><p class=\"translation-block\">\u25cf Y\u0131ll\u0131k 40.000 ton \u00fcretim kapasitesi<br>\u25cf 200'den fazla \u00e7al\u0131\u015fan<br>\u25cf Tam donan\u0131ml\u0131, modern tesis<br>\u25cf Uluslararas\u0131 pazarlara hizmet veren ihracata haz\u0131r operasyonlar<\/p><h3>\u00a0<\/h3><h3>Misyonumuz<\/h3><p>S\u00fcrd\u00fcr\u00fclebilir, \u00f6zelle\u015ftirilebilir ve premium cam ambalaj \u00e7\u00f6z\u00fcmleri sunarak, global kalite standartlar\u0131n\u0131 kar\u015f\u0131lamak ve d\u00fcnya \u00e7ap\u0131nda partnerlerimizin b\u00fcy\u00fcmesini desteklemek.<\/p><h3>\u00a0<\/h3><h3>Vizyonumuz<\/h3><p>Yenilik\u00e7ili\u011fi, kalitesi ve uzun vadeli i\u015f ortakl\u0131klar\u0131yla tan\u0131nan, lider bir k\u00fcresel cam ambalaj markas\u0131 olmak.<\/p><h3>\u00a0<\/h3><h3>Sunduklar\u0131m\u0131z<\/h3><p class=\"translation-block\">\u2714 Cam \u015ei\u015feler (kahverengi, ye\u015fil, mavi, \u015feffaf)<br>\u2714 Yiyecek, i\u00e7ecek ve kozmetikler i\u00e7in cam kavanozlar<br>\u2714 Kabartma, markalama ve benzersiz \u015fekillere sahip \u00f6zel ambalajlar<br>\u2714 K\u00fc\u00e7\u00fck tirajlardan b\u00fcy\u00fck \u00f6l\u00e7ekli sipari\u015flere kadar esnek \u00fcretim<\/p><h3>\u00a0<\/h3><h3>Neden Bizi Se\u00e7melisiniz?<\/h3><p class=\"translation-block\">\u2714 Avrupa Kalite Standartlar\u0131<br>\u2714 Rekabet\u00e7i Fiyatland\u0131rma<br>\u2714 Esnek \u00dcretim Kapasitesi<br>\u2714 H\u0131zl\u0131 Teslimat ve \u0130hracat Deste\u011fi<\/p>\t\t\t\t\t\t\t\t<\/div>\n\t\t\t\t<\/div>\n\t\t<div class=\"elementor-element elementor-element-9d8f327 e-con-full e-flex e-con e-child\" data-id=\"9d8f327\" data-element_type=\"container\">\n\t\t\t\t<div class=\"elementor-element elementor-element-d77fa1b elementor-widget-tablet__width-initial elementor-widget elementor-widget-adina_history_section\" data-id=\"d77fa1b\" data-element_type=\"widget\" data-widget_type=\"adina_history_section.default\">\n\t\t\t\t<div class=\"elementor-widget-container\">\n\t\t\t\t\t            <div class=\"td-history-wrapper p-relative\">\r\n                <div class=\"td-history-navebar d-none d-sm-block\">\r\n                    <ul id=\"section-time\">\r\n                                                    <li class=\"current\">\r\n                                <span><\/span>\r\n                                <a href=\"#section-1\" title=\"\">\r\n                                    01                                <\/a>\r\n                            <\/li>\r\n                                                    <li class=\"\">\r\n                                <span><\/span>\r\n                                <a href=\"#section-2\" title=\"\">\r\n                                    02                                <\/a>\r\n                            <\/li>\r\n                                                    <li class=\"\">\r\n                                <span><\/span>\r\n                                <a href=\"#section-3\" title=\"\">\r\n                                    03                                <\/a>\r\n                            <\/li>\r\n                                            <\/ul>\r\n                <\/div>\r\n                                    <div id=\"section-1\" class=\"td-history-item mb-80\">\r\n                        <h2 class=\"td-history-year mb-35\">\r\n                            2006                        <\/h2>\r\n                        <h4 class=\"td-history-title mb-20\">\r\n                            Yolculuk Ba\u015flad\u0131                        <\/h4>\r\n                        <p>\r\n                            ANA SHISHE, ba\u015far\u0131l\u0131 end\u00fcstriyel giri\u015fimlerle dolu uzun bir ge\u00e7mi\u015fi beraberinde getiriyor. 2006 y\u0131l\u0131ndan bu yana, s\u00fclf\u00fcrik asit \u00fcretimi ve Orta Do\u011fu'daki ilk potasyum permanganat tesisi gibi projelere liderlik ettiler. Bu \u00f6nceki ba\u015far\u0131lar, cam \u00fcretimine do\u011fru geni\u015flemelerinin temelini olu\u015fturarak, teknik uzmanl\u0131klar\u0131n\u0131 s\u00fcrd\u00fcr\u00fclebilir b\u00fcy\u00fcme vizyonuyla birle\u015ftirmelerine olanak sa\u011flad\u0131.                         <\/p>\r\n                    <\/div>\r\n                                    <div id=\"section-2\" class=\"td-history-item mb-80\">\r\n                        <h2 class=\"td-history-year mb-35\">\r\n                            2021                        <\/h2>\r\n                        <h4 class=\"td-history-title mb-20\">\r\n                            Son teknoloji tesisinin ilk a\u015famas\u0131                        <\/h4>\r\n                        <p>\r\n                            \u015eirket, y\u0131ll\u0131k 40.000 ton \u00fcretim kapasitesine sahip olacak \u015fekilde tasarlanan son teknoloji tesisinin ilk etab\u0131n\u0131 faaliyete ge\u00e7irdi. ANA SHISHE'nin tam kapasiteyle faaliyete ge\u00e7mesiyle birlikte yakla\u015f\u0131k 200 ki\u015fiye istihdam sa\u011flamas\u0131 ve ayn\u0131 zamanda b\u00f6lgede cam ambalaj alan\u0131nda kalite ve inovasyon alan\u0131nda yeni standartlar belirlemesi bekleniyor.\n                        <\/p>\r\n                    <\/div>\r\n                                    <div id=\"section-3\" class=\"td-history-item mb-80\">\r\n                        <h2 class=\"td-history-year mb-35\">\r\n                            2025                        <\/h2>\r\n                        <h4 class=\"td-history-title mb-20\">\r\n                            Uluslararas\u0131 pazarlara hizmet veriyor                        <\/h4>\r\n                        <p>\r\n                            ANA SHISHE, bu deneyimin doruk noktas\u0131n\u0131 temsil ediyor: Hem yurt i\u00e7i hem de uluslararas\u0131 pazarlara hizmet etmek \u00fczere y\u00fcksek kaliteli cam \u015fi\u015feler ve kavanozlar \u00fcretmeye adanm\u0131\u015f bir \u015firket.                        <\/p>\r\n                    <\/div>\r\n                            <\/div>\r\n\t\t\t\t\t\t<\/div>\n\t\t\t\t<\/div>\n\t\t\t\t<\/div>\n\t\t\t\t\t<\/div>\n\t\t\t\t<\/div>\n\t\t<div class=\"elementor-element elementor-element-af76e66 e-flex e-con-boxed e-con e-parent\" data-id=\"af76e66\" data-element_type=\"container\">\n\t\t\t\t\t<div class=\"e-con-inner\">\n\t\t\t\t\t<\/div>\n\t\t\t\t<\/div>\n\t\t\t\t<\/div>","protected":false},"excerpt":{"rendered":"<p>About Us HOME \/ ABOUT US Started From 2000 Our business is taking care of your business. ANA SHISHE designs and manufactures premium glass packaging that protects product quality and elevates brands. We combine precise engineering, consistent quality, and responsive service to deliver results you can trust. Who We Are We design and produce high-quality&#8230;<\/p>","protected":false},"author":1,"featured_media":0,"parent":0,"menu_order":0,"comment_status":"closed","ping_status":"closed","template":"elementor_header_footer","meta":{"_acf_changed":false,"footnotes":""},"class_list":["post-25","page","type-page","status-publish","hentry"],"acf":[],"_hostinger_reach_plugin_has_subscription_block":false,"_hostinger_reach_plugin_is_elementor":false,"_links":{"self":[{"href":"https:\/\/fa.anashishe.com\/tr\/wp-json\/wp\/v2\/pages\/25","targetHints":{"allow":["GET"]}}],"collection":[{"href":"https:\/\/fa.anashishe.com\/tr\/wp-json\/wp\/v2\/pages"}],"about":[{"href":"https:\/\/fa.anashishe.com\/tr\/wp-json\/wp\/v2\/types\/page"}],"author":[{"embeddable":true,"href":"https:\/\/fa.anashishe.com\/tr\/wp-json\/wp\/v2\/users\/1"}],"replies":[{"embeddable":true,"href":"https:\/\/fa.anashishe.com\/tr\/wp-json\/wp\/v2\/comments?post=25"}],"version-history":[{"count":45,"href":"https:\/\/fa.anashishe.com\/tr\/wp-json\/wp\/v2\/pages\/25\/revisions"}],"predecessor-version":[{"id":6227,"href":"https:\/\/fa.anashishe.com\/tr\/wp-json\/wp\/v2\/pages\/25\/revisions\/6227"}],"wp:attachment":[{"href":"https:\/\/fa.anashishe.com\/tr\/wp-json\/wp\/v2\/media?parent=25"}],"curies":[{"name":"wp","href":"https:\/\/api.w.org\/{rel}","templated":true}]}}