{"id":27,"date":"2024-09-12T09:50:51","date_gmt":"2024-09-12T09:50:51","guid":{"rendered":"https:\/\/wp.framerpeak.com\/adina\/?page_id=27"},"modified":"2025-11-25T09:40:44","modified_gmt":"2025-11-25T09:40:44","slug":"faq","status":"publish","type":"page","link":"https:\/\/fa.anashishe.com\/tr\/faq\/","title":{"rendered":"SSS"},"content":{"rendered":"<div data-elementor-type=\"wp-page\" data-elementor-id=\"27\" class=\"elementor elementor-27\" data-elementor-post-type=\"page\">\n\t\t\t\t<div class=\"elementor-element elementor-element-ab5c263 e-con-full e-flex e-con e-parent\" data-id=\"ab5c263\" data-element_type=\"container\" data-settings=\"{&quot;background_background&quot;:&quot;classic&quot;}\">\n\t\t\t\t<div class=\"elementor-element elementor-element-86b94b2 elementor-widget elementor-widget-heading\" data-id=\"86b94b2\" data-element_type=\"widget\" data-widget_type=\"heading.default\">\n\t\t\t\t\t<h2 class=\"elementor-heading-title elementor-size-default\">SSS<\/h2>\t\t\t\t<\/div>\n\t\t\t\t<div class=\"elementor-element elementor-element-d5bc4ab elementor-widget elementor-widget-text-editor\" data-id=\"d5bc4ab\" data-element_type=\"widget\" data-widget_type=\"text-editor.default\">\n\t\t\t\t\t\t\t\t\t<p><a href=\"\/tr\/\">HOME<\/a> \/ FAQ<\/p>\t\t\t\t\t\t\t\t<\/div>\n\t\t\t\t<\/div>\n\t\t<div class=\"elementor-element elementor-element-abbdec3 e-flex e-con-boxed e-con e-parent\" data-id=\"abbdec3\" data-element_type=\"container\">\n\t\t\t\t\t<div class=\"e-con-inner\">\n\t\t<div class=\"elementor-element elementor-element-30fa9ba e-con-full e-flex e-con e-child\" data-id=\"30fa9ba\" data-element_type=\"container\">\n\t\t<div class=\"elementor-element elementor-element-e5f819a e-con-full e-flex e-con e-child\" data-id=\"e5f819a\" data-element_type=\"container\">\n\t\t\t\t<div class=\"elementor-element elementor-element-b6417c5 elementor-widget elementor-widget-adina_accordion_two\" data-id=\"b6417c5\" data-element_type=\"widget\" data-widget_type=\"adina_accordion_two.default\">\n\t\t\t\t<div class=\"elementor-widget-container\">\n\t\t\t\t\t            <div class=\"accordion td-service-details-accordion\" id=\"faqaccordion_image\">\r\n                                    <div class=\"accordion-item td-service-details-accordion-item\">\r\n                        <h2 class=\"accordion-header\" id=\"faq_1\">\r\n                            <button class=\"accordion-button\" type=\"button\" data-bs-toggle=\"collapse\" data-bs-target=\"#collapse_1\" aria-expanded=\"true\" aria-controls=\"collapse_1\">\r\n                                ANA SHISHE hangi sekt\u00f6rlere hizmet veriyor?                                <span class=\"accordion-btn\"><\/span>\r\n                            <\/button>\r\n                        <\/h2>\r\n                        <div id=\"collapse_1\" class=\"accordion-collapse collapse show\" aria-labelledby=\"faq_1\" data-bs-parent=\"#faqaccordion_image\">\r\n                            <div class=\"accordion-body\">\r\n                                                                    <div class=\"row\">\r\n                                        <div class=\"col-lg-6 col-md-6 col-sm-6\">\r\n                                            <div class=\"td-faq-thumb mb-30\">\r\n                                                <img decoding=\"async\" class=\"w-100\" src=\"https:\/\/fa.anashishe.com\/wp-content\/uploads\/2025\/10\/anashishe-glass-ana-shishe17.webp\" alt=\"faq\">\r\n                                            <\/div>\r\n                                        <\/div>\r\n                                        <div class=\"col-lg-6 col-md-6 col-sm-6\">\r\n                                            <div class=\"td-faq-thumb mb-30\">\r\n                                                <img decoding=\"async\" class=\"w-100\" src=\"https:\/\/fa.anashishe.com\/wp-content\/uploads\/2025\/10\/anashishe-glass-ana-shishe15.webp\" alt=\"faq\">\r\n                                            <\/div>\r\n                                        <\/div>\r\n                                    <\/div>\r\n                                                                <p>ANA SHISHE, g\u0131da, i\u00e7ecek, kozmetik ve ila\u00e7 sekt\u00f6rlerine cam ambalaj \u00e7\u00f6z\u00fcmleri sunmaktad\u0131r. Tasar\u0131mlar\u0131m\u0131z \u00fcr\u00fcn g\u00fcvenli\u011fi, g\u00f6rsel \u00e7ekicilik ve marka kimli\u011fine odaklanmaktad\u0131r.<\/p>\r\n                            <\/div>\r\n                        <\/div>\r\n                    <\/div>\r\n                                    <div class=\"accordion-item td-service-details-accordion-item\">\r\n                        <h2 class=\"accordion-header\" id=\"faq_2\">\r\n                            <button class=\"accordion-button collapsed\" type=\"button\" data-bs-toggle=\"collapse\" data-bs-target=\"#collapse_2\" aria-expanded=\"false\" aria-controls=\"collapse_2\">\r\n                                ANA SHISHE\u2019nin \u00fcretim kapasitesi nedir?                                <span class=\"accordion-btn\"><\/span>\r\n                            <\/button>\r\n                        <\/h2>\r\n                        <div id=\"collapse_2\" class=\"accordion-collapse collapse\" aria-labelledby=\"faq_2\" data-bs-parent=\"#faqaccordion_image\">\r\n                            <div class=\"accordion-body\">\r\n                                                                    <div class=\"row\">\r\n                                        <div class=\"col-lg-6 col-md-6 col-sm-6\">\r\n                                            <div class=\"td-faq-thumb mb-30\">\r\n                                                <img decoding=\"async\" class=\"w-100\" src=\"https:\/\/fa.anashishe.com\/wp-content\/uploads\/2025\/10\/anashishe-glass-ana-shishe2.webp\" alt=\"faq\">\r\n                                            <\/div>\r\n                                        <\/div>\r\n                                        <div class=\"col-lg-6 col-md-6 col-sm-6\">\r\n                                            <div class=\"td-faq-thumb mb-30\">\r\n                                                <img decoding=\"async\" class=\"w-100\" src=\"https:\/\/fa.anashishe.com\/wp-content\/uploads\/2025\/10\/anashishe-glass-ana-shishe11.webp\" alt=\"faq\">\r\n                                            <\/div>\r\n                                        <\/div>\r\n                                    <\/div>\r\n                                                                <p>Tesisimiz, 200'den fazla uzmandan olu\u015fan bir ekip ve modern \u00fcretim teknolojisiyle y\u0131lda 40.000 tona kadar cam \u00fcretmektedir.<\/p>\r\n                            <\/div>\r\n                        <\/div>\r\n                    <\/div>\r\n                                    <div class=\"accordion-item td-service-details-accordion-item\">\r\n                        <h2 class=\"accordion-header\" id=\"faq_3\">\r\n                            <button class=\"accordion-button collapsed\" type=\"button\" data-bs-toggle=\"collapse\" data-bs-target=\"#collapse_3\" aria-expanded=\"false\" aria-controls=\"collapse_3\">\r\n                                ANA SHISHE\u2019nin \u00fcretim kapasitesi nedir?                                <span class=\"accordion-btn\"><\/span>\r\n                            <\/button>\r\n                        <\/h2>\r\n                        <div id=\"collapse_3\" class=\"accordion-collapse collapse\" aria-labelledby=\"faq_3\" data-bs-parent=\"#faqaccordion_image\">\r\n                            <div class=\"accordion-body\">\r\n                                                                <p>Fabrikam\u0131z g\u00fcnl\u00fck 120 ton kapasiteyle \u00e7al\u0131\u015fmakta olup, g\u00fcnde 1,75 milyon adet cam e\u015fya \u00fcretmektedir. Bunlar\u0131n aras\u0131nda 1.000.000 adet ila\u00e7 cam\u0131 ve 750.000 adet g\u0131da ve i\u00e7ecek \u015fi\u015fe ve kavanozu bulunmaktad\u0131r.<\/p>\r\n                            <\/div>\r\n                        <\/div>\r\n                    <\/div>\r\n                                    <div class=\"accordion-item td-service-details-accordion-item\">\r\n                        <h2 class=\"accordion-header\" id=\"faq_4\">\r\n                            <button class=\"accordion-button collapsed\" type=\"button\" data-bs-toggle=\"collapse\" data-bs-target=\"#collapse_4\" aria-expanded=\"false\" aria-controls=\"collapse_4\">\r\n                                \u00d6zel sat\u0131\u015f ve da\u011f\u0131t\u0131m orta\u011f\u0131n\u0131z kimdir?                                <span class=\"accordion-btn\"><\/span>\r\n                            <\/button>\r\n                        <\/h2>\r\n                        <div id=\"collapse_4\" class=\"accordion-collapse collapse\" aria-labelledby=\"faq_4\" data-bs-parent=\"#faqaccordion_image\">\r\n                            <div class=\"accordion-body\">\r\n                                                                <p>Vesta luxe d\u0131\u015f ticaret ile m\u00fcnhas\u0131r k\u00fcresel sat\u0131\u015f ve da\u011f\u0131t\u0131m orta\u011f\u0131m\u0131z olarak i\u015f birli\u011fi yapmaktan gurur duyuyoruz.\nVesta luxe d\u0131\u015f ticaret, t\u00fcm \u00fcr\u00fcn yelpazemizi d\u00fcnya \u00e7ap\u0131nda temsil ederek t\u00fcm uluslararas\u0131 talepleri, teklifleri ve m\u00fc\u015fteri ili\u015fkilerini y\u00f6netmektedir. Bu ortakl\u0131k sayesinde, birle\u015fik bir k\u00fcresel varl\u0131k, tutarl\u0131 kalite standartlar\u0131 ve kusursuz bir m\u00fc\u015fteri deneyimi sa\u011fl\u0131yoruz.\n\ud83d\udce9 T\u00fcm k\u00fcresel sat\u0131\u015f talepleriniz i\u00e7in l\u00fctfen ileti\u015fime ge\u00e7in:\nVesta luxe d\u0131\u015f ticaret\nE-posta: info@vestaluxe.com.tr\nTelefon: +90 501063304030\nWeb sitesi: www.vestaluxe.com.tr<\/p>\r\n                            <\/div>\r\n                        <\/div>\r\n                    <\/div>\r\n                                    <div class=\"accordion-item td-service-details-accordion-item\">\r\n                        <h2 class=\"accordion-header\" id=\"faq_5\">\r\n                            <button class=\"accordion-button collapsed\" type=\"button\" data-bs-toggle=\"collapse\" data-bs-target=\"#collapse_5\" aria-expanded=\"false\" aria-controls=\"collapse_5\">\r\n                                ANA SHISHE hangi t\u00fcr camlar \u00fcretiyor?                                <span class=\"accordion-btn\"><\/span>\r\n                            <\/button>\r\n                        <\/h2>\r\n                        <div id=\"collapse_5\" class=\"accordion-collapse collapse\" aria-labelledby=\"faq_5\" data-bs-parent=\"#faqaccordion_image\">\r\n                            <div class=\"accordion-body\">\r\n                                                                    <div class=\"row\">\r\n                                        <div class=\"col-lg-6 col-md-6 col-sm-6\">\r\n                                            <div class=\"td-faq-thumb mb-30\">\r\n                                                <img decoding=\"async\" class=\"w-100\" src=\"https:\/\/fa.anashishe.com\/wp-content\/uploads\/2025\/10\/bottle-family.png\" alt=\"faq\">\r\n                                            <\/div>\r\n                                        <\/div>\r\n                                        <div class=\"col-lg-6 col-md-6 col-sm-6\">\r\n                                            <div class=\"td-faq-thumb mb-30\">\r\n                                                <img decoding=\"async\" class=\"w-100\" src=\"https:\/\/fa.anashishe.com\/wp-content\/uploads\/2025\/10\/bottle-family-1.png\" alt=\"faq\">\r\n                                            <\/div>\r\n                                        <\/div>\r\n                                    <\/div>\r\n                                                                <p>End\u00fcstriyel uygulamalar\u0131n geni\u015f bir yelpazesi i\u00e7in Amber, Flint ve Ye\u015fil cam \u00fcretiyoruz; hem kaliteyi hem de estetik g\u00f6r\u00fcn\u00fcm\u00fc garanti ediyoruz.<\/p>\r\n                            <\/div>\r\n                        <\/div>\r\n                    <\/div>\r\n                                    <div class=\"accordion-item td-service-details-accordion-item\">\r\n                        <h2 class=\"accordion-header\" id=\"faq_6\">\r\n                            <button class=\"accordion-button collapsed\" type=\"button\" data-bs-toggle=\"collapse\" data-bs-target=\"#collapse_6\" aria-expanded=\"false\" aria-controls=\"collapse_6\">\r\n                                \u00dcretimde hangi teknoloji kullan\u0131l\u0131yor?                                <span class=\"accordion-btn\"><\/span>\r\n                            <\/button>\r\n                        <\/h2>\r\n                        <div id=\"collapse_6\" class=\"accordion-collapse collapse\" aria-labelledby=\"faq_6\" data-bs-parent=\"#faqaccordion_image\">\r\n                            <div class=\"accordion-body\">\r\n                                                                    <div class=\"row\">\r\n                                        <div class=\"col-lg-6 col-md-6 col-sm-6\">\r\n                                            <div class=\"td-faq-thumb mb-30\">\r\n                                                <img decoding=\"async\" class=\"w-100\" src=\"https:\/\/fa.anashishe.com\/wp-content\/uploads\/2025\/10\/anashishe-glass-ana-shishe2.webp\" alt=\"faq\">\r\n                                            <\/div>\r\n                                        <\/div>\r\n                                        <div class=\"col-lg-6 col-md-6 col-sm-6\">\r\n                                            <div class=\"td-faq-thumb mb-30\">\r\n                                                <img decoding=\"async\" class=\"w-100\" src=\"https:\/\/fa.anashishe.com\/wp-content\/uploads\/2025\/10\/anashishe-glass-ana-shishe11.webp\" alt=\"faq\">\r\n                                            <\/div>\r\n                                        <\/div>\r\n                                    <\/div>\r\n                                                                <p>\u00dcretim hatlar\u0131m\u0131zda BDF (\u0130talya) ve Dr. G\u00fcnther (Almanya) gibi Avrupa teknolojilerinin yan\u0131 s\u0131ra geli\u015fmi\u015f k\u00fcresel sistemler kullan\u0131l\u0131yor ve her partide tutarl\u0131 kalite ve verimlilik sa\u011flan\u0131yor.<\/p>\r\n                            <\/div>\r\n                        <\/div>\r\n                    <\/div>\r\n                                    <div class=\"accordion-item td-service-details-accordion-item\">\r\n                        <h2 class=\"accordion-header\" id=\"faq_7\">\r\n                            <button class=\"accordion-button collapsed\" type=\"button\" data-bs-toggle=\"collapse\" data-bs-target=\"#collapse_7\" aria-expanded=\"false\" aria-controls=\"collapse_7\">\r\n                                ANA SHISHE hafif cam \u00fcretiyor mu?                                <span class=\"accordion-btn\"><\/span>\r\n                            <\/button>\r\n                        <\/h2>\r\n                        <div id=\"collapse_7\" class=\"accordion-collapse collapse\" aria-labelledby=\"faq_7\" data-bs-parent=\"#faqaccordion_image\">\r\n                            <div class=\"accordion-body\">\r\n                                                                <p>Evet. Dayan\u0131kl\u0131l\u0131\u011f\u0131 korurken malzeme kullan\u0131m\u0131n\u0131 azaltan Hafif Cam \u00fcretiminde uzmanla\u015f\u0131yoruz; s\u00fcrd\u00fcr\u00fclebilir ve uygun maliyetli ambalajlar i\u00e7in idealdir.<\/p>\r\n                            <\/div>\r\n                        <\/div>\r\n                    <\/div>\r\n                                    <div class=\"accordion-item td-service-details-accordion-item\">\r\n                        <h2 class=\"accordion-header\" id=\"faq_8\">\r\n                            <button class=\"accordion-button collapsed\" type=\"button\" data-bs-toggle=\"collapse\" data-bs-target=\"#collapse_8\" aria-expanded=\"false\" aria-controls=\"collapse_8\">\r\n                                ANA SHISHE \u00fcr\u00fcn kalitesini nas\u0131l sa\u011fl\u0131yor?                                <span class=\"accordion-btn\"><\/span>\r\n                            <\/button>\r\n                        <\/h2>\r\n                        <div id=\"collapse_8\" class=\"accordion-collapse collapse\" aria-labelledby=\"faq_8\" data-bs-parent=\"#faqaccordion_image\">\r\n                            <div class=\"accordion-body\">\r\n                                                                <p>T\u00fcm \u00fcr\u00fcnlerimiz, t\u00fcm \u00fcr\u00fcn kategorilerinde en \u00fcst d\u00fczey kaliteyi korumak i\u00e7in hassas m\u00fchendislik, geli\u015fmi\u015f denetim sistemleri ve s\u00fcrekli Ar-Ge ile desteklenen Avrupa kalite standartlar\u0131n\u0131 kar\u015f\u0131lamaktad\u0131r.<\/p>\r\n                            <\/div>\r\n                        <\/div>\r\n                    <\/div>\r\n                                    <div class=\"accordion-item td-service-details-accordion-item\">\r\n                        <h2 class=\"accordion-header\" id=\"faq_9\">\r\n                            <button class=\"accordion-button collapsed\" type=\"button\" data-bs-toggle=\"collapse\" data-bs-target=\"#collapse_9\" aria-expanded=\"false\" aria-controls=\"collapse_9\">\r\n                                ANA SHISHE'nin merkezi nerededir ve sizinle nas\u0131l ileti\u015fime ge\u00e7ebilirim?                                <span class=\"accordion-btn\"><\/span>\r\n                            <\/button>\r\n                        <\/h2>\r\n                        <div id=\"collapse_9\" class=\"accordion-collapse collapse\" aria-labelledby=\"faq_9\" data-bs-parent=\"#faqaccordion_image\">\r\n                            <div class=\"accordion-body\">\r\n                                                                <p>Resmi temsilcimiz, T\u00fcrkiye, Vadi \u0130stanbul merkezli VESTALUXE D\u0131\u015f Ticaret'tir.\n\ud83d\udcde +90 (212) 812 22 20\n\ud83d\udcf1 WhatsApp: +90 (501) 633 40 30\n\ud83d\udce7 sales@vestaluxe.com.tr\n| info@vestaluxe.com.tr\n\n\ud83c\udf0d www.vestaluxe.com.tr\n| fa.anashishe.com<\/p>\r\n                            <\/div>\r\n                        <\/div>\r\n                    <\/div>\r\n                            <\/div>\r\n\t\t\t\t\t\t<\/div>\n\t\t\t\t<\/div>\n\t\t\t\t<\/div>\n\t\t<div class=\"elementor-element elementor-element-d3a5972 e-con-full e-flex e-con e-child\" data-id=\"d3a5972\" data-element_type=\"container\">\n\t\t<div class=\"elementor-element elementor-element-7c7322e e-con-full e-flex e-con e-child\" data-id=\"7c7322e\" data-element_type=\"container\">\n\t\t<div class=\"elementor-element elementor-element-726b01b e-con-full e-flex e-con e-child\" data-id=\"726b01b\" data-element_type=\"container\">\n\t\t\t\t<div class=\"elementor-element elementor-element-d55bafb elementor-widget elementor-widget-heading\" data-id=\"d55bafb\" data-element_type=\"widget\" data-widget_type=\"heading.default\">\n\t\t\t\t\t<h3 class=\"elementor-heading-title elementor-size-default\">\u00dcretimimiz<\/h3>\t\t\t\t<\/div>\n\t\t\t\t<\/div>\n\t\t<div class=\"elementor-element elementor-element-aba9081 e-con-full e-flex e-con e-child\" data-id=\"aba9081\" data-element_type=\"container\">\n\t\t\t\t<div class=\"elementor-element elementor-element-22cbb8b elementor-widget elementor-widget-adina_service_list\" data-id=\"22cbb8b\" data-element_type=\"widget\" data-widget_type=\"adina_service_list.default\">\n\t\t\t\t<div class=\"elementor-widget-container\">\n\t\t\t\t\t            <div class=\"td-service-widget-item\">\r\n                <div class=\"menu-glass-jars-container\"><ul id=\"menu-glass-jars\" class=\"\"><li id=\"menu-item-5324\" class=\"menu-item menu-item-type-custom menu-item-object-custom menu-item-5324\"><a href=\"https:\/\/fa.anashishe.com\/tr\/services\/glass-jar-production\/\">Cam Kavanozlar<\/a><\/li>\n<li id=\"menu-item-5864\" class=\"menu-item menu-item-type-custom menu-item-object-custom menu-item-5864\"><a href=\"https:\/\/fa.anashishe.com\/tr\/services\/glass-bottle-production\/\">Cam \u015ei\u015feler<\/a><\/li>\n<\/ul><\/div>            <\/div>  \r\n\t\t\t\t\t\t<\/div>\n\t\t\t\t<\/div>\n\t\t\t\t<\/div>\n\t\t\t\t<\/div>\n\t\t<div class=\"elementor-element elementor-element-e14b90d e-con-full e-flex e-con e-child\" data-id=\"e14b90d\" data-element_type=\"container\">\n\t\t\t\t<div class=\"elementor-element elementor-element-4a271b1 elementor-widget elementor-widget-adina_document_list\" data-id=\"4a271b1\" data-element_type=\"widget\" data-widget_type=\"adina_document_list.default\">\n\t\t\t\t<div class=\"elementor-widget-container\">\n\t\t\t\t\t            <div class=\"td-service-widget-pdf\">\r\n                <ul>\r\n                                            <li>\r\n                            <a href=\"https:\/\/fa.anashishe.com\/tr\/blog\/\">\r\n                                <svg aria-hidden=\"true\" class=\"e-font-icon-svg e-fas-file-alt\" viewbox=\"0 0 384 512\" xmlns=\"http:\/\/www.w3.org\/2000\/svg\"><path d=\"M224 136V0H24C10.7 0 0 10.7 0 24v464c0 13.3 10.7 24 24 24h336c13.3 0 24-10.7 24-24V160H248c-13.2 0-24-10.8-24-24zm64 236c0 6.6-5.4 12-12 12H108c-6.6 0-12-5.4-12-12v-8c0-6.6 5.4-12 12-12h168c6.6 0 12 5.4 12 12v8zm0-64c0 6.6-5.4 12-12 12H108c-6.6 0-12-5.4-12-12v-8c0-6.6 5.4-12 12-12h168c6.6 0 12 5.4 12 12v8zm0-72v8c0 6.6-5.4 12-12 12H108c-6.6 0-12-5.4-12-12v-8c0-6.6 5.4-12 12-12h168c6.6 0 12 5.4 12 12zm96-114.1v6.1H256V0h6.1c6.4 0 12.5 2.5 17 7l97.9 98c4.5 4.5 7 10.6 7 16.9z\"><\/path><\/svg>                                Blog \r\n                            <\/a>\r\n                            <span> \r\n                                <i class=\"fa-regular fa-arrow-right-long\"><\/i>\r\n                            <\/span>\r\n                        <\/li>\r\n                                            <li>\r\n                            <a href=\"https:\/\/fa.anashishe.com\/tr\/faq\/\">\r\n                                <svg aria-hidden=\"true\" class=\"e-font-icon-svg e-fas-file\" viewbox=\"0 0 384 512\" xmlns=\"http:\/\/www.w3.org\/2000\/svg\"><path d=\"M224 136V0H24C10.7 0 0 10.7 0 24v464c0 13.3 10.7 24 24 24h336c13.3 0 24-10.7 24-24V160H248c-13.2 0-24-10.8-24-24zm160-14.1v6.1H256V0h6.1c6.4 0 12.5 2.5 17 7l97.9 98c4.5 4.5 7 10.6 7 16.9z\"><\/path><\/svg>                                SSS \r\n                            <\/a>\r\n                            <span> \r\n                                <i class=\"fa-regular fa-arrow-right-long\"><\/i>\r\n                            <\/span>\r\n                        <\/li>\r\n                                    <\/ul>\r\n            <\/div>\r\n\t\t\t\t\t\t<\/div>\n\t\t\t\t<\/div>\n\t\t\t\t<\/div>\n\t\t<div class=\"elementor-element elementor-element-f31792b e-con-full e-flex e-con e-child\" data-id=\"f31792b\" data-element_type=\"container\">\n\t\t<div class=\"elementor-element elementor-element-d95578c e-con-full e-flex e-con e-child\" data-id=\"d95578c\" data-element_type=\"container\">\n\t\t\t\t<div class=\"elementor-element elementor-element-7f4828a elementor-widget elementor-widget-heading\" data-id=\"7f4828a\" data-element_type=\"widget\" data-widget_type=\"heading.default\">\n\t\t\t\t\t<h3 class=\"elementor-heading-title elementor-size-default\">Size nas\u0131l yard\u0131mc\u0131 olabiliriz?<\/h3>\t\t\t\t<\/div>\n\t\t\t\t<\/div>\n\t\t<div class=\"elementor-element elementor-element-e5bde28 e-con-full e-flex e-con e-child\" data-id=\"e5bde28\" data-element_type=\"container\">\n\t\t\t\t<div class=\"elementor-element elementor-element-c20e96b elementor-widget elementor-widget-shortcode\" data-id=\"c20e96b\" data-element_type=\"widget\" data-widget_type=\"shortcode.default\">\n\t\t\t\t\t\t\t<div class=\"elementor-shortcode\">\n<div class=\"wpcf7 no-js\" id=\"wpcf7-f1919-o1\" lang=\"en-US\" dir=\"ltr\" data-wpcf7-id=\"1919\">\n<div class=\"screen-reader-response\"><p role=\"status\" aria-live=\"polite\" aria-atomic=\"true\"><\/p> <ul><\/ul><\/div>\n<form action=\"\/tr\/wp-json\/wp\/v2\/pages\/27#wpcf7-f1919-o1\" method=\"post\" class=\"wpcf7-form init\" aria-label=\"Contact form\" novalidate=\"novalidate\" data-status=\"init\" data-trp-original-action=\"\/tr\/wp-json\/wp\/v2\/pages\/27#wpcf7-f1919-o1\">\n<fieldset class=\"hidden-fields-container\"><input type=\"hidden\" name=\"_wpcf7\" value=\"1919\" \/><input type=\"hidden\" name=\"_wpcf7_version\" value=\"6.1.3\" \/><input type=\"hidden\" name=\"_wpcf7_locale\" value=\"en_US\" \/><input type=\"hidden\" name=\"_wpcf7_unit_tag\" value=\"wpcf7-f1919-o1\" \/><input type=\"hidden\" name=\"_wpcf7_container_post\" value=\"0\" \/><input type=\"hidden\" name=\"_wpcf7_posted_data_hash\" value=\"\" \/>\n<\/fieldset>\n<div class=\"td-contact-form-wrap-2\">\n   <div class=\"td-contact-form\">\n       <input class=\"mb-10\" type=\"text\" name=\"your-name\" placeholder=\"Ad\u0131n\u0131z\">\n       <input class=\"mb-10\" type=\"email\" name=\"your-email\" placeholder=\"E-postan\u0131z\">\n       <textarea class=\"mb-30\" name=\"your-subject\" placeholder=\"Mesaj\"><\/textarea>\n       <button type=\"submit\">G\u00f6nder<\/button>\n    <\/div>\n<\/div><div class=\"wpcf7-response-output\" aria-hidden=\"true\"><\/div>\n<input type=\"hidden\" name=\"trp-form-language\" value=\"tr\"\/><\/form>\n<\/div>\n<\/div>\n\t\t\t\t\t\t<\/div>\n\t\t\t\t<\/div>\n\t\t\t\t<\/div>\n\t\t\t\t<\/div>\n\t\t\t\t<\/div>\n\t\t\t\t\t<\/div>\n\t\t\t\t<\/div>\n\t\t\t\t<\/div>","protected":false},"excerpt":{"rendered":"<p>FAQ HOME \/ FAQ What industries does ANA SHISHE serve? ANA SHISHE provides glass packaging solutions for the food, beverage, cosmetics, and pharmaceutical industries. Our designs focus on product safety, visual appeal, and brand identity. What is ANA SHISHE\u2019s production capacity? Our facility produces up to 40,000 metric tons of glass annually, supported by a&#8230;<\/p>","protected":false},"author":1,"featured_media":0,"parent":0,"menu_order":0,"comment_status":"closed","ping_status":"closed","template":"elementor_header_footer","meta":{"_acf_changed":false,"footnotes":""},"class_list":["post-27","page","type-page","status-publish","hentry"],"acf":[],"_hostinger_reach_plugin_has_subscription_block":false,"_hostinger_reach_plugin_is_elementor":false,"_links":{"self":[{"href":"https:\/\/fa.anashishe.com\/tr\/wp-json\/wp\/v2\/pages\/27","targetHints":{"allow":["GET"]}}],"collection":[{"href":"https:\/\/fa.anashishe.com\/tr\/wp-json\/wp\/v2\/pages"}],"about":[{"href":"https:\/\/fa.anashishe.com\/tr\/wp-json\/wp\/v2\/types\/page"}],"author":[{"embeddable":true,"href":"https:\/\/fa.anashishe.com\/tr\/wp-json\/wp\/v2\/users\/1"}],"replies":[{"embeddable":true,"href":"https:\/\/fa.anashishe.com\/tr\/wp-json\/wp\/v2\/comments?post=27"}],"version-history":[{"count":24,"href":"https:\/\/fa.anashishe.com\/tr\/wp-json\/wp\/v2\/pages\/27\/revisions"}],"predecessor-version":[{"id":6281,"href":"https:\/\/fa.anashishe.com\/tr\/wp-json\/wp\/v2\/pages\/27\/revisions\/6281"}],"wp:attachment":[{"href":"https:\/\/fa.anashishe.com\/tr\/wp-json\/wp\/v2\/media?parent=27"}],"curies":[{"name":"wp","href":"https:\/\/api.w.org\/{rel}","templated":true}]}}