{"id":5535,"date":"2025-10-14T17:20:22","date_gmt":"2025-10-14T17:20:22","guid":{"rendered":"https:\/\/fa.anashishe.com\/?page_id=5535"},"modified":"2025-11-19T09:55:13","modified_gmt":"2025-11-19T09:55:13","slug":"product-catalogue","status":"publish","type":"page","link":"https:\/\/fa.anashishe.com\/tr\/product-catalogue\/","title":{"rendered":"\u00dcr\u00fcn Katalo\u011fu"},"content":{"rendered":"<div data-elementor-type=\"wp-page\" data-elementor-id=\"5535\" class=\"elementor elementor-5535\" data-elementor-post-type=\"page\">\n\t\t\t\t<div class=\"elementor-element elementor-element-75c103de e-flex e-con-boxed e-con e-parent\" data-id=\"75c103de\" data-element_type=\"container\">\n\t\t\t\t\t<div class=\"e-con-inner\">\n\t\t\t\t<div class=\"elementor-element elementor-element-352dc904 elementor-widget elementor-widget-text-editor\" data-id=\"352dc904\" data-element_type=\"widget\" data-widget_type=\"text-editor.default\">\n\t\t\t\t\t\t\t\t\t<p><div class=\"_df_book df-lite\" id=\"df_5536\"  _slug=\"ana-shishe-catalogue\" data-title=\"ana-shishe-catalogue\" wpoptions=\"true\" thumb=\"https:\/\/fa.anashishe.com\/wp-content\/uploads\/2025\/10\/ana-logo.png\" thumbtype=\"\" ><\/div>\n<p><script class=\"df-shortcode-script\" nowprocket type=\"application\/javascript\">window.option_df_5536 = {\"outline\":[],\"autoEnableOutline\":\"false\",\"autoEnableThumbnail\":\"false\",\"overwritePDFOutline\":\"false\",\"direction\":\"1\",\"pageSize\":\"0\",\"source\":\"https:\\\/\\\/fa.anashishe.com\\\/wp-content\\\/uploads\\\/2025\\\/10\\\/anashishe-web-version.pdf\",\"wpOptions\":\"true\"}; if(window.DFLIP && window.DFLIP.parseBooks){window.DFLIP.parseBooks();}<\/script><\/p>\n\n<p>\u00a0<\/p>\n\n<h3><strong>ANA SHISHE \u00dcr\u00fcn Katalo\u011funu ke\u015ffedin<\/strong><\/h3>\n\n<p class=\"translation-block\">Birinci s\u0131n\u0131f cam i\u015f\u00e7ili\u011finin d\u00fcnyas\u0131na ad\u0131m at\u0131n. <strong>ANA SHISHE \u00dcr\u00fcn Katalo\u011fu<\/strong>, kaliteye, zarafete ve s\u00fcrd\u00fcr\u00fclebilirli\u011fe de\u011fer veren g\u0131da, i\u00e7ecek, kozmetik ve ila\u00e7 markalar\u0131 i\u00e7in tasarlanm\u0131\u015f cam \u015fi\u015fe ve kavanozlar\u0131m\u0131z\u0131n tamam\u0131n\u0131 sergiliyor.<br>Her \u00fcr\u00fcn, hassas m\u00fchendisli\u011fi, rafine esteti\u011fi ve \u00e7evre dostu cam \u00fcretiminin g\u00fcc\u00fcn\u00fc yans\u0131t\u0131yor. \u0130ster zamans\u0131z tasar\u0131mlar ister \u00f6zel ambalaj \u00e7\u00f6z\u00fcmleri ar\u0131yor olun, katalo\u011fumuz tam size g\u00f6re.<br><strong data-start=\"292\" data-end=\"324\">ANA SHISHE \u00dcr\u00fcn Katalo\u011fu<\/strong>, basit bir cam ambalaj \u00fcr\u00fcnleri koleksiyonundan \u00e7ok daha fazlas\u0131d\u0131r; yenilik\u00e7ili\u011fin, i\u015f\u00e7ili\u011fin ve k\u00fcresel kalite standartlar\u0131na ba\u011fl\u0131l\u0131\u011f\u0131n bir yans\u0131mas\u0131d\u0131r. Cam sekt\u00f6r\u00fcn\u00fcn \u00f6nde gelen \u00fcreticilerinden biri olan ANA SHISHE, g\u0131da, i\u00e7ecek, kozmetik ve ila\u00e7 end\u00fcstrileri i\u00e7in y\u00fcksek kaliteli <strong data-start=\"608\" data-end=\"634\">cam \u200b\u200b\u015fi\u015fe ve kavanozlar\u0131n<\/strong> tasar\u0131m\u0131 ve \u00fcretiminde uzmanla\u015fm\u0131\u015ft\u0131r. \u00dcr\u00fcn katalo\u011fumuzda yer alan her \u00fcr\u00fcn, geli\u015fmi\u015f Avrupa teknolojisi, \u00e7evre dostu malzemeler ve estetik hassasiyetin birle\u015fimini temsil eder. <br>G\u00fcnl\u00fck 120 ton \u00fcretim kapasitesi ve g\u00fcnde 1,75 milyon cam \u00fcr\u00fcn \u00fcretme kapasitesiyle ANA SHISHE, k\u00fcresel markalar\u0131n ihtiya\u00e7 duydu\u011fu verimlilik ve istikrarla faaliyet g\u00f6stermektedir. Tesisimiz, <strong data-start=\"1138\" data-end=\"1153\">BDF (\u0130talya)<\/strong> ve <strong data-start=\"1158\" data-end=\"1183\">Dr. Gunther (Almanya)<\/strong> gibi \u00f6nde gelen Avrupa \u015firketlerinin en son teknolojilerini, \u00c7in'deki k\u00fcresel ortaklar\u0131n operasyonel m\u00fckemmelli\u011fiyle bir araya getirmektedir. Bu sinerji, \u00fcretti\u011fimiz her \u00fcr\u00fcnde en y\u00fcksek Avrupa standartlar\u0131n\u0131 kar\u015f\u0131lamam\u0131z\u0131 sa\u011flar.<br><strong data-start=\"1359\" data-end=\"1391\">ANA SHISHE \u00dcr\u00fcn Katalo\u011fu<\/strong>, \u00fc\u00e7 ana cam t\u00fcr\u00fcn\u00fc vurgular: <strong data-start=\"1429\" data-end=\"1438\">Amber<\/strong>, <strong data-start=\"1440\" data-end=\"1449\">Flint<\/strong> ve <strong data-start=\"1455\" data-end=\"1470\">Ye\u015fil cam<\/strong>; her biri modern ambalajlar\u0131n i\u015flevsel ve estetik taleplerini kar\u015f\u0131lamak \u00fczere tasarlanm\u0131\u015ft\u0131r. Amber cam, UV korumas\u0131 sa\u011flad\u0131\u011f\u0131ndan ila\u00e7lar ve u\u00e7ucu ya\u011flar i\u00e7in idealdir. Berrakl\u0131\u011f\u0131 ve parlakl\u0131\u011f\u0131yla bilinen Flint cam, \u00fcr\u00fcn safl\u0131\u011f\u0131n\u0131 sergilemesi gereken i\u00e7ecekler ve kozmetikler i\u00e7in m\u00fckemmel bir se\u00e7imdir. Ye\u015fil cam ise, \u00e7evre dostu marka stratejileriyle uyumlu, do\u011fal ve s\u00fcrd\u00fcr\u00fclebilir bir g\u00f6r\u00fcn\u00fcm sunar. Katalo\u011fumuzdaki her \u00fcr\u00fcn, dayan\u0131kl\u0131l\u0131k, hassasiyet ve \u015f\u0131kl\u0131k i\u00e7in tasarlanm\u0131\u015ft\u0131r. \u0130ster \u015f\u0131k bir i\u00e7ecek \u015fi\u015fesi, ister zarif bir kozmetik kavanozu, ister \u00f6zel bir ila\u00e7 kab\u0131 olsun, tasar\u0131mlar\u0131m\u0131z g\u00fczellik ve performans\u0131 bir araya getiriyor. <strong data-start=\"2143\" data-end=\"2175\">ANA SHISHE \u00dcr\u00fcn Katalo\u011fu<\/strong>, s\u00fcrd\u00fcr\u00fclebilir \u00fcretim uygulamalar\u0131na y\u00f6nelik s\u00fcrekli ara\u015ft\u0131rmalar\u0131m\u0131z\u0131n bir sonucu olarak hafif cam se\u00e7enekleri de i\u00e7eriyor. <em data-start=\"2322\" data-end=\"2346\">Hafif Cam Teknolojisi<\/em> olarak bilinen bu yenilik, dayan\u0131kl\u0131l\u0131k veya kaliteden \u00f6d\u00fcn vermeden malzeme kullan\u0131m\u0131n\u0131 azaltarak \u00fcretti\u011fimiz her \u00fcr\u00fcn\u00fcn \u00e7evresel ayak izini k\u00fc\u00e7\u00fclt\u00fcyor.<br>Cam ambalaj \u00e7\u00f6z\u00fcmlerimiz yaln\u0131zca \u00fcr\u00fcn kalitesini korumak i\u00e7in de\u011fil, ayn\u0131 zamanda <strong data-start=\"2568\" data-end=\"2594\">marka kimli\u011fini g\u00fc\u00e7lendirmek<\/strong> i\u00e7in de tasarlanm\u0131\u015ft\u0131r. G\u00fcn\u00fcm\u00fcz\u00fcn rekabet\u00e7i k\u00fcresel pazar\u0131nda, ambalaj bir kaptan \u00e7ok daha fazlas\u0131d\u0131r; bir ifadedir. ANA SHISHE \u00fcr\u00fcn katalo\u011fu, markalar\u0131n vizyonuyla uyumlu \u00f6zel tasar\u0131mlar, grav\u00fcr se\u00e7enekleri, renk varyasyonlar\u0131 ve \u00f6zel boyutlarla \u00f6ne \u00e7\u0131kmas\u0131n\u0131 sa\u011flar.<br>Ayr\u0131ca, ANA SHISHE \u00e7evre sorumlulu\u011funa g\u00fc\u00e7l\u00fc bir ba\u011fl\u0131l\u0131k g\u00f6stermektedir. Cam 0 geri d\u00f6n\u00fc\u015ft\u00fcr\u00fclebilir bir malzemedir ve \u00fcretim s\u00fcrecimiz enerji verimlili\u011fi ve at\u0131k azalt\u0131m\u0131na odaklanmaktad\u0131r. Markalar, ANA SHISHE'yi se\u00e7erek, g\u00fczelli\u011fin, dayan\u0131kl\u0131l\u0131\u011f\u0131n ve sorumlulu\u011fun bir arada bulundu\u011fu s\u00fcrd\u00fcr\u00fclebilir bir gelece\u011fe uyum sa\u011fl\u0131yor.<br><strong data-start=\"3212\" data-end=\"3233\">\u00dcr\u00fcn katalo\u011fumuz<\/strong>, uyum sa\u011flama yetene\u011fimizi ve yenilik\u00e7ilik tutkumuzu yans\u0131tarak s\u00fcrekli geni\u015flemektedir. D\u00fcnya \u00e7ap\u0131ndaki m\u00fc\u015fterilerimizle yak\u0131n i\u015f birli\u011fi i\u00e7inde, ihtiya\u00e7lar\u0131n\u0131 tam olarak kar\u015f\u0131layan \u00f6zel cam ambalaj \u00e7\u00f6z\u00fcmleri geli\u015ftiriyoruz. Konsept ve tasar\u0131mdan \u00fcretim ve teslimata kadar her ad\u0131m hassasiyet ve \u00f6zenle ele al\u0131nmaktad\u0131r.<br>T\u00fcm k\u00fcresel sat\u0131\u015f, da\u011f\u0131t\u0131m ve m\u00fc\u015fteri ili\u015fkileri, resmi uluslararas\u0131 temsilcimiz olan <strong data-start=\"3631\" data-end=\"3658\">VESTALUXE D\u0131\u015f Ticaret<\/strong> taraf\u0131ndan \u00f6zel olarak y\u00f6netilmektedir. Bu ortakl\u0131k, her m\u00fc\u015fterinin nerede olursa olsun profesyonel hizmet, \u015feffaf ileti\u015fim ve g\u00fcvenilir teslimat almas\u0131n\u0131 sa\u011flar. Vestaluxe arac\u0131l\u0131\u011f\u0131yla ANA SHISHE \u00fcr\u00fcnleri d\u00fcnya \u00e7ap\u0131nda sat\u0131\u015fa sunularak, m\u00fckemmellik ve tutarl\u0131l\u0131\u011fa de\u011fer veren markalara ula\u015f\u0131r.<br><strong data-start=\"3984\" data-end=\"4016\">ANA SHISHE \u00dcr\u00fcn Katalo\u011fu<\/strong>, inovasyonun gelenekle bulu\u015ftu\u011funda neler ortaya \u00e7\u0131kt\u0131\u011f\u0131n\u0131n bir kan\u0131t\u0131d\u0131r.Zamans\u0131z i\u015f\u00e7ili\u011fi modern teknolojiyle birle\u015ftirerek hem i\u015flevsel hem de ilham verici cam ambalajlar yaratma vizyonumuzu yans\u0131t\u0131yor. \u0130ster yeni bir \u00fcr\u00fcn serisi piyasaya s\u00fcr\u00fcyor olun, ister mevcut ambalaj\u0131n\u0131z\u0131 geli\u015ftirmek istiyor olun, katalo\u011fumuz markan\u0131z\u0131n b\u00fcy\u00fcmesine \u00f6zel olarak tasarlanm\u0131\u015f bir d\u00fcnya olas\u0131l\u0131k sunuyor.<br><strong data-start=\"4402\" data-end=\"4452\">ANA SHISHE \u00dcr\u00fcn Katalo\u011funu inceleyin<\/strong> ve birinci s\u0131n\u0131f cam ambalajlar\u0131m\u0131z\u0131n g\u00fcven olu\u015fturman\u0131za, g\u00f6r\u00fcn\u00fcrl\u00fc\u011f\u00fcn\u00fcz\u00fc art\u0131rman\u0131za ve pazar\u0131n\u0131zda kal\u0131c\u0131 bir izlenim b\u0131rakman\u0131za nas\u0131l yard\u0131mc\u0131 olabilece\u011fini ke\u015ffedin.<strong data-start=\"4593\" data-end=\"4652\">\u0130novasyon. Kalite. S\u00fcrd\u00fcr\u00fclebilirlik. \u0130\u015fte ANA SHISHE.<\/strong><\/p>\n\n<p>\u00a0<\/p>\n\t\t\t\t\t\t\t\t<\/div>\n\t\t\t\t\t<\/div>\n\t\t\t\t<\/div>\n\t\t\t\t<\/div>","protected":false},"excerpt":{"rendered":"<p>\u00a0 Discover the ANA SHISHE Product Catalogue Step into the world of premium glass craftsmanship. The ANA SHISHE Product Catalogue showcases our full range of glass bottles and jars, designed for food, beverage, cosmetic, and pharmaceutical brands that value quality, elegance, and sustainability.Each product reflects precision engineering, refined aesthetics, and the strength of eco-friendly glass&#8230;<\/p>","protected":false},"author":1,"featured_media":5209,"parent":0,"menu_order":0,"comment_status":"closed","ping_status":"closed","template":"","meta":{"_acf_changed":false,"footnotes":""},"class_list":["post-5535","page","type-page","status-publish","has-post-thumbnail","hentry"],"acf":[],"_hostinger_reach_plugin_has_subscription_block":false,"_hostinger_reach_plugin_is_elementor":false,"_links":{"self":[{"href":"https:\/\/fa.anashishe.com\/tr\/wp-json\/wp\/v2\/pages\/5535","targetHints":{"allow":["GET"]}}],"collection":[{"href":"https:\/\/fa.anashishe.com\/tr\/wp-json\/wp\/v2\/pages"}],"about":[{"href":"https:\/\/fa.anashishe.com\/tr\/wp-json\/wp\/v2\/types\/page"}],"author":[{"embeddable":true,"href":"https:\/\/fa.anashishe.com\/tr\/wp-json\/wp\/v2\/users\/1"}],"replies":[{"embeddable":true,"href":"https:\/\/fa.anashishe.com\/tr\/wp-json\/wp\/v2\/comments?post=5535"}],"version-history":[{"count":3,"href":"https:\/\/fa.anashishe.com\/tr\/wp-json\/wp\/v2\/pages\/5535\/revisions"}],"predecessor-version":[{"id":6235,"href":"https:\/\/fa.anashishe.com\/tr\/wp-json\/wp\/v2\/pages\/5535\/revisions\/6235"}],"wp:featuredmedia":[{"embeddable":true,"href":"https:\/\/fa.anashishe.com\/tr\/wp-json\/wp\/v2\/media\/5209"}],"wp:attachment":[{"href":"https:\/\/fa.anashishe.com\/tr\/wp-json\/wp\/v2\/media?parent=5535"}],"curies":[{"name":"wp","href":"https:\/\/api.w.org\/{rel}","templated":true}]}}